{"id":13498,"date":"2025-09-25T15:25:55","date_gmt":"2025-09-25T13:25:55","guid":{"rendered":"https:\/\/sws-forsche.de\/sws\/?page_id=13498"},"modified":"2025-09-25T15:25:55","modified_gmt":"2025-09-25T13:25:55","slug":"trailer-fuer-imagine","status":"publish","type":"page","link":"https:\/\/sws-forsche.de\/sws\/trailer-fuer-imagine\/","title":{"rendered":"Trailer f\u00fcr Imagine"},"content":{"rendered":"\n<div class=\"wp-block-uagb-container uagb-block-4ea82442 alignfull uagb-is-root-container\">\n<div class=\"wp-block-uagb-advanced-heading uagb-block-5cb667a4\"><p class=\"uagb-desc-text\"><mark style=\"background-color:rgba(0, 0, 0, 0)\" class=\"has-inline-color has-ast-global-color-5-color\"><strong>Mehr \u00fcber Vlemmix Trailers <\/strong><\/mark><\/p><div class=\"uagb-separator\"><\/div><h1 class=\"uagb-heading-text\"><a href=\"https:\/\/www.vlemmixaanhangwagens.nl\/de\/producten\/tiny-house-660-trailer-2x1800kg\/\" data-type=\"link\" data-id=\"https:\/\/www.vlemmixaanhangwagens.nl\/de\/producten\/tiny-house-660-trailer-2x1800kg\/\" target=\"_blank\" rel=\"noreferrer noopener\"><mark style=\"background-color:rgba(0, 0, 0, 0)\" class=\"has-inline-color has-ast-global-color-5-color\">Der Vlemmix Tiny House 660 trailer 2x1800kg<\/mark><\/a><\/h1><\/div>\n<\/div>\n\n\n\n<div class=\"wp-block-uagb-container uagb-block-cb631c61 alignfull uagb-is-root-container\"><div class=\"uagb-container-inner-blocks-wrap\">\n<div class=\"wp-block-uagb-container uagb-block-889b128c\">\n<div class=\"wp-block-uagb-info-box uagb-block-6a6ae856 uagb-infobox__content-wrap  uagb-infobox-icon-above-title uagb-infobox-image-valign-top\"><div class=\"uagb-ifb-content\"><div class=\"uagb-ifb-image-content\"><img decoding=\"async\" src=\"https:\/\/sws-forsche.de\/sws\/wp-content\/uploads\/2025\/09\/logo.svg\" alt=\"\" width=\"107\" height=\"75\" loading=\"lazy\"\/><\/div><div class=\"uagb-ifb-title-wrap\"><span class=\"uagb-ifb-title-prefix\">Eigenschaften &amp; Vorteile<\/span><h3 class=\"uagb-ifb-title\"><strong>Vlemmix<\/strong> ist ein niederl\u00e4ndischer Hersteller, spezialisiert auf Anh\u00e4nger &amp; Fahrgestelle f\u00fcr Tiny Houses<\/h3><\/div><p class=\"uagb-ifb-desc\">Robuste Rahmenkonstruktionen, meist <em>feuerverzinkt<\/em>, wodurch Korrosionsschutz und Langlebigkeit gew\u00e4hrleistet sind<br>Verschiedene Typen: Tieflader (\u201cClassic\u201d, mit Ladeboden auf H\u00f6he der Radk\u00e4sten) und Hochlader (\u201cFlatbed\u201d \/ \u201cPlateau\u201d), je nach gew\u00fcnschter Ladeh\u00f6he und Nutzung<br>Modelle mit verschiedenen Achslasten (z.\u202fB. 1\u00d71800\u202fkg, 2\u00d71800\u202fkg) und breiten Gr\u00f6\u00dfen zwischen ca. 300 bis \u00fcber 800\u202fcm L\u00e4nge<br>EU\u2010zulassungsf\u00e4hig: die Fahrgestelle besitzen in der Regel eine entsprechende Fassungsf\u00e4higkeit mit COC\u2010Dokumenten, was eine Zulassung in vielen europ\u00e4ischen L\u00e4ndern erleichtert<br>Vielseitigkeit in der Nutzung: Vlemmix Trailer dienen als Basis f\u00fcr Tiny Houses, mobile Studios, Gartenh\u00e4user etc. Durch die modulare Bauweise und unterschiedliche Fahrgestelltypen sind sie flexibel einsetzbar<br>Typische technische Daten (Beispiel):<br>Ladefl\u00e4chebreite: ca. <strong>255 cm<\/strong> \u00fcber die Kotfl\u00fcgel <br>Plattformh\u00f6he zwischen ~\u202f48\u202fcm und ~\u202f62\u202fcm je nach Modell &amp; Bereifung (beladen \/ unbeladen) <br>Zul\u00e4ssiges Gesamtgewicht h\u00e4ufig bis <strong>3.500\u202fkg<\/strong>, mit Nutzlasten um die <strong>2.900\u202fkg<\/strong> bei manchen Modellen (z.\u202fB. TH\u202f600, TH\u202f660)<\/p><\/div><\/div>\n<\/div>\n\n\n\n<div class=\"wp-block-uagb-info-box uagb-block-e36be1b3 uagb-infobox__content-wrap  uagb-infobox-icon-above-title uagb-infobox-image-valign-top\"><div class=\"uagb-ifb-content\"><div class=\"uagb-ifb-title-wrap\"><h5 class=\"uagb-ifb-title-prefix\">Fragen?<\/h5><h2 class=\"uagb-ifb-title\"> Wir helfen gerne weiter<\/h2><\/div><div class=\"uagb-ifb-separator\"><\/div><p class=\"uagb-ifb-desc\">Der <strong>Vlemmix Tiny House 660 Trailer (2\u00d71800\u202fkg)<\/strong> ist \u2013 gemeinsam mit dem Modell 720 \u2013 eine der beliebtesten Varianten im Sortiment<br>Ein gro\u00dfer Vorteil: Beide Modelle lassen sich ohne umfangreiche Anpassungen innerhalb des zul\u00e4ssigen Gesamtgewichts von <strong>3.500\u202fkg<\/strong> halten<br>Im Gegensatz zur Pritschenversion verf\u00fcgt der <strong>Tiny House 660<\/strong> jedoch <strong>nicht \u00fcber einen ebenen Ladeboden<\/strong>. Die <strong>R\u00e4der und Radk\u00e4sten ragen \u00fcber das Fahrgestell hinaus<\/strong>, was zus\u00e4tzliche <strong>Bauh\u00f6he<\/strong> erm\u00f6glicht. Gleichzeitig liegt die <strong>Ladefl\u00e4che n\u00e4her am Boden<\/strong>, wodurch die <strong>Einstiegsh\u00f6he<\/strong> in das Tiny House sp\u00fcrbar reduziert wird \u2013 ein klarer Vorteil f\u00fcr Komfort und barriere\u00e4rmeres Wohnen<\/p><\/div><\/div>\n\n\n\n<div class=\"wp-block-uagb-container uagb-block-8d478d84\">\n<div class=\"wp-block-uagb-container uagb-block-bbac4cb6\">\n<div class=\"wp-block-uagb-image uagb-block-92df0db0 wp-block-uagb-image--layout-default wp-block-uagb-image--effect-static wp-block-uagb-image--align-none\"><figure class=\"wp-block-uagb-image__figure\"><img decoding=\"async\" srcset=\"https:\/\/sws-forsche.de\/sws\/wp-content\/uploads\/2025\/09\/Bild_05-1-771x1024.jpg ,https:\/\/sws-forsche.de\/sws\/wp-content\/uploads\/2025\/09\/Bild_05-1.jpg 780w, https:\/\/sws-forsche.de\/sws\/wp-content\/uploads\/2025\/09\/Bild_05-1.jpg 360w\" sizes=\"auto, (max-width: 480px) 150px\" src=\"https:\/\/sws-forsche.de\/sws\/wp-content\/uploads\/2025\/09\/Bild_05-1-771x1024.jpg\" alt=\"\" class=\"uag-image-13513\" width=\"1536\" height=\"2040\" title=\"Bild_05\" loading=\"lazy\" role=\"img\"\/><\/figure><\/div>\n<\/div>\n\n\n\n<div class=\"wp-block-uagb-container uagb-block-ad318174\">\n<div class=\"wp-block-uagb-image uagb-block-3c690e46 wp-block-uagb-image--layout-default wp-block-uagb-image--effect-static wp-block-uagb-image--align-none\"><figure class=\"wp-block-uagb-image__figure\"><img decoding=\"async\" srcset=\"https:\/\/sws-forsche.de\/sws\/wp-content\/uploads\/2025\/09\/Bild_2025-09-25_143945719.png ,https:\/\/sws-forsche.de\/sws\/wp-content\/uploads\/2025\/09\/Bild_2025-09-25_143945719.png 780w, https:\/\/sws-forsche.de\/sws\/wp-content\/uploads\/2025\/09\/Bild_2025-09-25_143945719.png 360w\" sizes=\"auto, (max-width: 480px) 150px\" src=\"https:\/\/sws-forsche.de\/sws\/wp-content\/uploads\/2025\/09\/Bild_2025-09-25_143945719.png\" alt=\"\" class=\"uag-image-13512\" width=\"822\" height=\"356\" title=\"\" loading=\"lazy\" role=\"presentation\"\/><\/figure><\/div>\n<\/div>\n\n\n\n<div class=\"wp-block-uagb-container uagb-block-78f5ccad\">\n<div class=\"wp-block-uagb-image uagb-block-75f84493 wp-block-uagb-image--layout-default wp-block-uagb-image--effect-static wp-block-uagb-image--align-none\"><figure class=\"wp-block-uagb-image__figure\"><img decoding=\"async\" srcset=\"https:\/\/sws-forsche.de\/sws\/wp-content\/uploads\/2025\/09\/Bild_04-771x1024.jpg ,https:\/\/sws-forsche.de\/sws\/wp-content\/uploads\/2025\/09\/Bild_04.jpg 780w, https:\/\/sws-forsche.de\/sws\/wp-content\/uploads\/2025\/09\/Bild_04.jpg 360w\" sizes=\"auto, (max-width: 480px) 150px\" src=\"https:\/\/sws-forsche.de\/sws\/wp-content\/uploads\/2025\/09\/Bild_04-771x1024.jpg\" alt=\"\" class=\"uag-image-13514\" width=\"1536\" height=\"2040\" title=\"Bild_04\" loading=\"lazy\" role=\"img\"\/><\/figure><\/div>\n<\/div>\n<\/div>\n<\/div><\/div>\n\n\n\n<div class=\"wp-block-uagb-container uagb-block-18f504cd alignfull uagb-is-root-container\"><div class=\"uagb-container-inner-blocks-wrap\">\n<div class=\"wp-block-uagb-info-box uagb-block-5df65d14 uagb-infobox__content-wrap  uagb-infobox-icon-above-title uagb-infobox-image-valign-top wp-block-uagb-info-box--has-margin\"><div class=\"uagb-infobox-margin-wrapper\"><div class=\"uagb-ifb-content\"><div class=\"uagb-ifb-image-content\"><img decoding=\"async\" src=\"https:\/\/sws-forsche.de\/sws\/wp-content\/uploads\/2025\/09\/Bild_01-300x300.jpg\" alt=\"\" width=\"\" height=\"0\" loading=\"lazy\"\/><\/div><div class=\"uagb-ifb-title-wrap\"><p class=\"uagb-ifb-title-prefix\">Warum Vlemmix f\u00fcr Deutschland &amp; Westeuropa?<\/p><div class=\"uagb-ifb-separator\"><\/div><h5 class=\"uagb-ifb-title\">Vlemmix \u2013 Die Basis f\u00fcr Ihr Tiny House in Deutschland &amp; Westeuropa<\/h5><\/div><div class=\"uagb-ifb-desc\">\n<p><strong>Vlemmix<\/strong> ist ein renommierter Hersteller aus den Niederlanden, der sich auf hochwertige <strong>Anh\u00e4nger und Fahrgestelle f\u00fcr Tiny Houses<\/strong> spezialisiert hat. Die Trailer von Vlemmix gelten europaweit als <strong>eine der zuverl\u00e4ssigsten und beliebtesten L\u00f6sungen<\/strong> f\u00fcr mobile Wohnkonzepte<\/p>\n\n\n\n<p><strong>Hochwertige Verarbeitung<\/strong><br>Alle Anh\u00e4nger sind <strong>feuerverzinkt<\/strong> f\u00fcr optimalen Korrosionsschutz und haben eine robuste Rahmenkonstruktion \u2013 langlebig, stabil und f\u00fcr alle Witterungen geeignet.<\/p>\n\n\n\n<p><strong>Modellvielfalt f\u00fcr jede Anwendung<\/strong><br>Vlemmix bietet verschiedene Gr\u00f6\u00dfen und Achslasten (z.\u202fB. 2\u00d71800\u202fkg), passend f\u00fcr individuelle Hausgr\u00f6\u00dfen und Aufbauten..<\/p>\n<\/div><div class=\"uagb-ifb-button-wrapper wp-block-button\"><a href=\"https:\/\/www.vlemmixaanhangwagens.nl\/de\/vlemmix-anhaenger\/\" class=\"uagb-infobox-cta-link wp-block-button__link\" target=\"_blank\" rel=\"noopener noreferrer\" onclick=\"return true;\"><span class=\"uagb-inline-editing\">Read More<\/span><svg xmlns=\"https:\/\/www.w3.org\/2000\/svg\" viewBox=\"0 0 512 512\"><path d=\"M504.3 273.6l-112.1 104c-6.992 6.484-17.18 8.218-25.94 4.406c-8.758-3.812-14.42-12.45-14.42-21.1L351.9 288H32C14.33 288 .0002 273.7 .0002 255.1S14.33 224 32 224h319.9l0-72c0-9.547 5.66-18.19 14.42-22c8.754-3.809 18.95-2.075 25.94 4.41l112.1 104C514.6 247.9 514.6 264.1 504.3 273.6z\"><\/path><\/svg><\/a><\/div><\/div><\/div><\/div>\n\n\n\n<div class=\"wp-block-uagb-container uagb-block-7092669b\">\n<div class=\"wp-block-uagb-info-box uagb-block-7009ba8f uagb-infobox__content-wrap  uagb-infobox-icon-above-title uagb-infobox-image-valign-top\"><div class=\"uagb-ifb-content\"><div class=\"uagb-ifb-icon-wrap\"><svg xmlns=\"https:\/\/www.w3.org\/2000\/svg\" viewBox=\"0 0 512 512\"><path d=\"M0 256C0 114.6 114.6 0 256 0C397.4 0 512 114.6 512 256C512 397.4 397.4 512 256 512C114.6 512 0 397.4 0 256zM371.8 211.8C382.7 200.9 382.7 183.1 371.8 172.2C360.9 161.3 343.1 161.3 332.2 172.2L224 280.4L179.8 236.2C168.9 225.3 151.1 225.3 140.2 236.2C129.3 247.1 129.3 264.9 140.2 275.8L204.2 339.8C215.1 350.7 232.9 350.7 243.8 339.8L371.8 211.8z\"><\/path><\/svg><\/div><div class=\"uagb-ifb-title-wrap\"><span class=\"uagb-ifb-title-prefix\">Ob f\u00fcr private Bauherren, Tiny House-Hersteller oder Projektentwickler \u2013 <strong>Vlemmix Trailer<\/strong> sind die <strong>ideale Grundlage f\u00fcr mobile, modulare Wohnl\u00f6sungen<\/strong> in ganz Europa<\/span><div class=\"uagb-ifb-separator\"><\/div><h5 class=\"uagb-ifb-title\">Gerne beraten wir Sie zur passenden Ausf\u00fchrung f\u00fcr Ihr Projekt!<\/h5><\/div><div class=\"uagb-ifb-desc\">\n<p><strong>Zulassung in der EU<\/strong><br>Alle Fahrgestelle verf\u00fcgen \u00fcber <strong>COC-Dokumente<\/strong> (Certificate of Conformity) und sind damit <strong>EU-zulassungsf\u00e4hig<\/strong> \u2013 ideal f\u00fcr Deutschland, \u00d6sterreich, die Schweiz und weitere L\u00e4nder Westeuropas.<\/p>\n\n\n\n<p><strong>Gewichtsoptimiert f\u00fcr 3.500\u202fkg-Zulassung<\/strong><br>Vlemmix-Trailer wie der <strong>660 oder 720<\/strong> sind so konzipiert, dass sie mit dem fertigen Tiny House unter der <strong>gesetzlichen Gesamtgewichtsbeschr\u00e4nkung von 3.500\u202fkg<\/strong> bleiben \u2013 ohne gro\u00dfe Modifikationen.<\/p>\n\n\n\n<p><strong>Tiefer Ladeboden = geringere Einstiegsh\u00f6he<\/strong><br>Die Konstruktion mit \u00fcberstehenden R\u00e4dern erm\u00f6glicht eine <strong>niedrigere Bauh\u00f6he<\/strong>, was die <strong>Einstiegsh\u00f6he ins Tiny House<\/strong> reduziert \u2013 praktisch und barrierearm.<\/p>\n\n\n\n<p><\/p>\n<\/div><\/div><\/div>\n<\/div>\n<\/div><\/div>\n\n\n\n<p><\/p>\n","protected":false},"excerpt":{"rendered":"<p>Mehr \u00fcber Vlemmix Trailers Der Vlemmix Tiny House 660 trailer 2x1800kg<\/p>\n","protected":false},"author":3,"featured_media":0,"parent":0,"menu_order":0,"comment_status":"closed","ping_status":"closed","template":"","meta":{"_uag_custom_page_level_css":"","site-sidebar-layout":"default","site-content-layout":"","ast-site-content-layout":"default","site-content-style":"default","site-sidebar-style":"default","ast-global-header-display":"","ast-banner-title-visibility":"","ast-main-header-display":"","ast-hfb-above-header-display":"","ast-hfb-below-header-display":"","ast-hfb-mobile-header-display":"","site-post-title":"","ast-breadcrumbs-content":"","ast-featured-img":"","footer-sml-layout":"","theme-transparent-header-meta":"","adv-header-id-meta":"","stick-header-meta":"","header-above-stick-meta":"","header-main-stick-meta":"","header-below-stick-meta":"","astra-migrate-meta-layouts":"set","ast-page-background-enabled":"default","ast-page-background-meta":{"desktop":{"background-color":"var(--ast-global-color-4)","background-image":"","background-repeat":"repeat","background-position":"center center","background-size":"auto","background-attachment":"scroll","background-type":"","background-media":"","overlay-type":"","overlay-color":"","overlay-opacity":"","overlay-gradient":""},"tablet":{"background-color":"","background-image":"","background-repeat":"repeat","background-position":"center center","background-size":"auto","background-attachment":"scroll","background-type":"","background-media":"","overlay-type":"","overlay-color":"","overlay-opacity":"","overlay-gradient":""},"mobile":{"background-color":"","background-image":"","background-repeat":"repeat","background-position":"center center","background-size":"auto","background-attachment":"scroll","background-type":"","background-media":"","overlay-type":"","overlay-color":"","overlay-opacity":"","overlay-gradient":""}},"ast-content-background-meta":{"desktop":{"background-color":"var(--ast-global-color-5)","background-image":"","background-repeat":"repeat","background-position":"center center","background-size":"auto","background-attachment":"scroll","background-type":"","background-media":"","overlay-type":"","overlay-color":"","overlay-opacity":"","overlay-gradient":""},"tablet":{"background-color":"var(--ast-global-color-5)","background-image":"","background-repeat":"repeat","background-position":"center center","background-size":"auto","background-attachment":"scroll","background-type":"","background-media":"","overlay-type":"","overlay-color":"","overlay-opacity":"","overlay-gradient":""},"mobile":{"background-color":"var(--ast-global-color-5)","background-image":"","background-repeat":"repeat","background-position":"center center","background-size":"auto","background-attachment":"scroll","background-type":"","background-media":"","overlay-type":"","overlay-color":"","overlay-opacity":"","overlay-gradient":""}},"ngg_post_thumbnail":0,"footnotes":""},"class_list":["post-13498","page","type-page","status-publish","hentry"],"uagb_featured_image_src":{"full":false,"thumbnail":false,"medium":false,"medium_large":false,"large":false,"1536x1536":false,"2048x2048":false},"uagb_author_info":{"display_name":"SWS Forsche","author_link":"https:\/\/sws-forsche.de\/sws\/author\/sweta\/"},"uagb_comment_info":0,"uagb_excerpt":"Mehr \u00fcber Vlemmix Trailers Der Vlemmix Tiny House 660 trailer 2x1800kg","_links":{"self":[{"href":"https:\/\/sws-forsche.de\/sws\/wp-json\/wp\/v2\/pages\/13498","targetHints":{"allow":["GET"]}}],"collection":[{"href":"https:\/\/sws-forsche.de\/sws\/wp-json\/wp\/v2\/pages"}],"about":[{"href":"https:\/\/sws-forsche.de\/sws\/wp-json\/wp\/v2\/types\/page"}],"author":[{"embeddable":true,"href":"https:\/\/sws-forsche.de\/sws\/wp-json\/wp\/v2\/users\/3"}],"replies":[{"embeddable":true,"href":"https:\/\/sws-forsche.de\/sws\/wp-json\/wp\/v2\/comments?post=13498"}],"version-history":[{"count":4,"href":"https:\/\/sws-forsche.de\/sws\/wp-json\/wp\/v2\/pages\/13498\/revisions"}],"predecessor-version":[{"id":13520,"href":"https:\/\/sws-forsche.de\/sws\/wp-json\/wp\/v2\/pages\/13498\/revisions\/13520"}],"wp:attachment":[{"href":"https:\/\/sws-forsche.de\/sws\/wp-json\/wp\/v2\/media?parent=13498"}],"curies":[{"name":"wp","href":"https:\/\/api.w.org\/{rel}","templated":true}]}}