{"id":663,"date":"2021-05-21T11:52:00","date_gmt":"2021-05-21T09:52:00","guid":{"rendered":"https:\/\/sws-forsche.de\/sws\/?page_id=663"},"modified":"2025-11-04T22:42:19","modified_gmt":"2025-11-04T21:42:19","slug":"metallbearbeitung","status":"publish","type":"page","link":"https:\/\/sws-forsche.de\/sws\/metallbearbeitung\/","title":{"rendered":"Metallbearbeitung"},"content":{"rendered":"\n<div class=\"wp-block-uagb-info-box uagb-block-89b68b46 uagb-infobox__content-wrap  uagb-infobox-icon-above-title uagb-infobox-image-valign-top\"><div class=\"uagb-ifb-content\"><div class=\"uagb-ifb-image-content\"><img decoding=\"async\" src=\"https:\/\/sws-forsche.de\/sws\/wp-content\/uploads\/2025\/04\/Metallbearbeitung-Bild.jpg\" alt=\"\" width=\"273\" height=\"204\" loading=\"lazy\"\/><\/div><div class=\"uagb-ifb-title-wrap\"><h3 class=\"uagb-ifb-title\"><strong>Metallbearbeitungsmaschinen, deren Komponenten<\/strong> und Zubeh\u00f6r <\/h3><\/div><p class=\"uagb-ifb-desc\">Stabile Werkzeugmaschinen bieten einen reibungslosen Betrieb, was sich positiv auf die Produktivit\u00e4t, die Qualit\u00e4t der Endprodukte und die Entwicklung gro\u00dfer Industrien auswirkt <\/p><\/div><\/div>\n\n\n\n<div class=\"wp-block-cover alignwide has-custom-content-position is-position-top-center has-ast-global-color-7-color has-text-color has-link-color wp-elements-7593e90d8ae4961a6fe2861f3d2a3f39 wp-duotone-dark-grayscale\" style=\"border-style:none;border-width:0px;border-radius:0px;margin-top:var(--wp--preset--spacing--80);margin-bottom:var(--wp--preset--spacing--80);padding-top:var(--wp--preset--spacing--80);padding-right:var(--wp--preset--spacing--80);padding-bottom:var(--wp--preset--spacing--80);padding-left:var(--wp--preset--spacing--80);min-height:1552px;aspect-ratio:unset;\"><img loading=\"lazy\" decoding=\"async\" width=\"181\" height=\"183\" class=\"wp-block-cover__image-background wp-image-13074 size-full\" alt=\"\" src=\"https:\/\/sws-forsche.de\/sws\/wp-content\/uploads\/2025\/07\/Bild.jpg\" style=\"object-position:85% 86%\" data-object-fit=\"cover\" data-object-position=\"85% 86%\" srcset=\"https:\/\/sws-forsche.de\/sws\/wp-content\/uploads\/2025\/07\/Bild.jpg 181w, https:\/\/sws-forsche.de\/sws\/wp-content\/uploads\/2025\/07\/Bild-100x100.jpg 100w\" sizes=\"auto, (max-width: 181px) 100vw, 181px\" \/><span aria-hidden=\"true\" class=\"wp-block-cover__background has-ast-global-color-3-background-color has-background-dim-0 has-background-dim\"><\/span><div class=\"wp-block-cover__inner-container is-layout-constrained wp-container-core-cover-is-layout-113d6b82 wp-block-cover-is-layout-constrained\">\n<div class=\"wp-block-uagb-container uagb-layout-grid uagb-block-e6a6a9ce alignfull uagb-is-root-container\"><div class=\"uagb-container__shape uagb-container__shape-top uagb-container__shape-flip uagb-container__invert\"><svg xmlns=\"https:\/\/www.w3.org\/2000\/svg\" viewBox=\"0 0 1800 5.8\" preserveAspectRatio=\"none\"><path class=\"uagb-container__shape-fill\" d=\"M5.4.4l5.4 5.3L16.5.4l5.4 5.3L27.5.4 33 5.7 38.6.4l5.5 5.4h.1L49.9.4l5.4 5.3L60.9.4l5.5 5.3L72 .4l5.5 5.3L83.1.4l5.4 5.3L94.1.4l5.5 5.4h.2l5.6-5.4 5.5 5.3 5.6-5.3 5.4 5.3 5.6-5.3 5.5 5.3 5.6-5.3 5.5 5.4h.2l5.6-5.4 5.4 5.3L161 .4l5.4 5.3L172 .4l5.5 5.3 5.6-5.3 5.4 5.3 5.7-5.3 5.4 5.4h.2l5.6-5.4 5.5 5.3 5.6-5.3 5.5 5.3 5.6-5.3 5.4 5.3 5.6-5.3 5.5 5.4h.2l5.6-5.4 5.5 5.3L261 .4l5.4 5.3L272 .4l5.5 5.3 5.6-5.3 5.5 5.3 5.6-5.3 5.5 5.4h.1l5.7-5.4 5.4 5.3 5.6-5.3 5.5 5.3 5.6-5.3 5.4 5.3 5.7-5.3 5.4 5.4h.2l5.6-5.4 5.5 5.3L361 .4l5.5 5.3 5.6-5.3 5.4 5.3 5.6-5.3 5.5 5.3 5.6-5.3 5.5 5.4h.1l5.7-5.4 5.4 5.3 5.6-5.3 5.5 5.3 5.6-5.3 5.5 5.3 5.6-5.3 5.5 5.4h.1l5.6-5.4 5.5 5.3L461 .4l5.5 5.3 5.6-5.3 5.4 5.3 5.7-5.3 5.4 5.3 5.6-5.3 5.5 5.4h.2l5.6-5.4 5.5 5.3 5.6-5.3 5.4 5.3 5.6-5.3 5.5 5.3 5.6-5.3 5.5 5.4h.1L550 .4l5.4 5.3L561 .4l5.5 5.3 5.6-5.3 5.5 5.3 5.6-5.3 5.4 5.3 5.6-5.3 5.5 5.4h.2l5.6-5.4 5.5 5.3 5.6-5.3 5.4 5.3 5.7-5.3 5.4 5.3 5.6-5.3 5.5 5.4h.2L650 .4l5.5 5.3 5.6-5.3 5.4 5.3 5.6-5.3 5.5 5.3 5.6-5.3 5.5 5.3 5.6-5.3 5.4 5.4h.2l5.6-5.4 5.5 5.3 5.6-5.3 5.5 5.3 5.6-5.3 5.4 5.3 5.6-5.3 5.5 5.4h.2L750 .4l5.5 5.3 5.6-5.3 5.4 5.3 5.7-5.3 5.4 5.3 5.6-5.3 5.5 5.3 5.6-5.3 5.5 5.4h.1l5.7-5.4 5.4 5.3 5.6-5.3 5.5 5.3 5.6-5.3 5.5 5.3 5.6-5.3 5.4 5.4h.2L850 .4l5.5 5.3 5.6-5.3 5.5 5.3 5.6-5.3 5.4 5.3 5.6-5.3 5.5 5.3 5.6-5.3 5.5 5.4h.2l5.6-5.4 5.4 5.3 5.7-5.3 5.4 5.3 5.6-5.3 5.5 5.3 5.6-5.3 5.5 5.4h.1l5.7-5.4 5.4 5.3 5.6-5.3 5.5 5.3 5.6-5.3 5.5 5.3 5.6-5.3 5.4 5.3 5.6-5.3 5.5 5.4h.2l5.6-5.4 5.5 5.3 5.6-5.3 5.4 5.3 5.6-5.3 5.5 5.3 5.6-5.3 5.5 5.4h.2l5.6-5.4 5.4 5.3 5.7-5.3 5.4 5.3 5.6-5.3 5.5 5.3 5.6-5.3 5.5 5.3 5.6-5.3 5.4 5.4h.2l5.6-5.4 5.5 5.3 5.6-5.3 5.5 5.3 5.6-5.3 5.4 5.3 5.6-5.3 5.5 5.4h.2l5.6-5.4 5.5 5.3 5.6-5.3 5.4 5.3 5.6-5.3 5.5 5.3 5.6-5.3 5.5 5.3 5.6-5.3 5.5 5.4h.1l5.7-5.4 5.4 5.3 5.6-5.3 5.5 5.3 5.6-5.3 5.5 5.3 5.6-5.3 5.4 5.4h.2l5.6-5.4 5.5 5.3 5.6-5.3 5.5 5.3 5.6-5.3 5.4 5.3 5.6-5.3 5.5 5.3 5.6-5.3 5.5 5.4h.2l5.6-5.4 5.4 5.3 5.6-5.3 5.5 5.3 5.6-5.3 5.5 5.3 5.6-5.3 5.5 5.4h.1l5.7-5.4 5.4 5.3 5.6-5.3 5.5 5.3 5.6-5.3 5.5 5.3 5.6-5.3 5.4 5.3 5.6-5.3 5.5 5.4h.2l5.6-5.4 5.5 5.3 5.6-5.3 5.4 5.3 5.6-5.3 5.5 5.3 5.6-5.3 5.5 5.4h.2l5.6-5.4 5.4 5.3 5.6-5.3 5.5 5.3 5.6-5.3 5.5 5.3 5.6-5.3 5.4 5.3 5.7-5.3 5.4 5.4h.2l5.6-5.4 5.5 5.3 5.6-5.3 5.5 5.3 5.6-5.3 5.4 5.3 5.6-5.3 5.5 5.4h.2l5.6-5.4 5.5 5.3 5.6-5.3 5.4 5.3 5.6-5.3 5.5 5.3 5.6-5.3 5.5 5.3 5.6-5.3 5.5 5.4h.1l5.6-5.4 5.5 5.3 5.6-5.3 5.5 5.3 5.6-5.3 5.4 5.3 5.7-5.3 5.4 5.4h.2l5.6-5.4 5.5 5.3 5.6-5.3 5.5 5.3 5.6-5.3 5.4 5.3 5.6-5.3 5.5 5.3 5.6-5.3 5.5 5.4h.1l5.7-5.4 5.4 5.3 5.6-5.3 5.5 5.3 5.6-5.3 5.5 5.3 5.6-5.3 5.5 5.4h.1l5.6-5.4 5.5 5.3 5.6-5.3 5.5 5.3 5.6-5.3 5.4 5.3 5.7-5.3 5.4 5.3 5.6-5.3 5.5 5.4V0H-.2v5.8z\"><\/path><\/svg><\/div>\n<p class=\"has-text-align-center has-ast-global-color-5-color has-text-color has-link-color wp-elements-b865bccaed54641f25e815843ca4936b\" style=\"font-size:20px\">Unser deutsches Unternehmen im Bereich Export und Import von Werkzeugmaschinen, deren Komponenten und Zubeh\u00f6r konzentriert sich auf den Handel sowohl in westliche als auch in \u00f6stliche M\u00e4rkte. Aktuell liegt unser Hauptfokus auf der Zusammenarbeit zwischen der Ukraine und Europa. Dabei pflegen wir langj\u00e4hrige, stabile Gesch\u00e4ftsbeziehungen und erweitern kontinuierlich unser Netzwerk durch neue Kontakte<\/p>\n\n\n\n<div class=\"wp-block-uagb-separator uagb-block-58249023\"><div class=\"wp-block-uagb-separator__inner\" style=\"--my-background-image:url(&quot;data:image\/svg+xml,%3Csvg width='16' height='16' viewBox='0 0 16 16' fill='none' xmlns='http:\/\/www.w3.org\/2000\/svg'%3E%3Cpath d='M6.4 0H16L9.6 16H0L6.4 0Z' fill='black'\/%3E%3C\/svg%3E&quot;)\"><\/div><\/div>\n\n\n\n<blockquote class=\"wp-block-quote is-style-default has-border-color has-luminous-vivid-amber-border-color has-ast-global-color-4-color has-text-color is-layout-flow wp-block-quote-is-layout-flow\" style=\"border-width:3px;border-radius:36px\">\n<p>Wir nutzen vielversprechende Perspektiven f\u00fcr unser Gesch\u00e4ft und setzen uns daf\u00fcr ein, fertige Produkte \u2013 wie innovative Technologien \u2013 sowie industrielle Halbfabrikate und Rohstoffe in hoher Qualit\u00e4t und zu wettbewerbsf\u00e4higen Preisen von Ost nach West zu liefern<\/p>\n<\/blockquote>\n<\/div>\n\n\n\n<p class=\"has-text-align-center has-ast-global-color-5-color has-ast-global-color-3-background-color has-text-color has-background has-link-color wp-elements-7adc065a0c369d6a59941ecea5c0d9dd\" style=\"font-size:18px\">Die Hauptprodukte unseres Unternehmens, mit denen wir seit 2007 erfolgreich t\u00e4tig sind, umfassen alles rund um Werkzeugmaschinen. Im Bereich der Metallbearbeitung haben wir insbesondere mit den folgenden Produkten umfassende Erfahrung gesammelt:<\/p>\n\n\n\n<ul class=\"wp-block-list\">\n<li class=\"has-ast-global-color-5-color has-text-color has-link-color wp-elements-56d59ef3bf3503d8ce24f22b5137c04d\" style=\"font-size:15px\"><strong>Drehmaschinen<\/strong>: Zum Drehen von Metallwerkst\u00fccken<\/li>\n\n\n\n<li class=\"has-ast-global-color-5-color has-text-color has-link-color wp-elements-a185c9a4fb60e476c7763ec2f305fc47\" style=\"font-size:15px\"><strong>Fr\u00e4smaschinen<\/strong>: Zum Fr\u00e4sen von pr\u00e4zisen Formen und Oberfl\u00e4chen<\/li>\n\n\n\n<li class=\"has-ast-global-color-5-color has-text-color has-link-color wp-elements-685a47256b6e4fe720513b5c3e3283e1\" style=\"font-size:15px\"><strong>Bohrmaschinen<\/strong>: Zum Bohren von L\u00f6chern in verschiedene Materialien<\/li>\n\n\n\n<li class=\"has-ast-global-color-5-color has-text-color has-link-color wp-elements-2f0dadf704125ad0f0432980442f0e66\" style=\"font-size:15px\"><strong>Schleifmaschinen<\/strong>: Zur Herstellung von besonders glatten Oberfl\u00e4chen durch Schleifen<\/li>\n\n\n\n<li class=\"has-ast-global-color-5-color has-text-color has-link-color wp-elements-ede4efd45107fe76f9eeb1e4b6db54e2\" style=\"font-size:15px\"><strong>CNC-Maschinen (Computerized Numerical Control)<\/strong>: Maschinen, die computergesteuert sind und h\u00f6chste Pr\u00e4zision in der Bearbeitung bieten<\/li>\n<\/ul>\n\n\n\n<p class=\"has-text-align-center has-ast-global-color-0-background-color has-background\" style=\"font-size:18px\">Jede Werkzeugmaschine besteht aus verschiedenen Schl\u00fcsselkomponenten, die f\u00fcr ihre Funktionsweise entscheidend sind. Nachfolgend finden Sie die Komponenten, die bei uns am h\u00e4ufigsten nachgefragt und geliefert werden :<\/p>\n\n\n\n<ul style=\"font-size:15px\" class=\"wp-block-list has-ast-global-color-5-color has-text-color has-link-color wp-elements-447bf3dfc59f938fed8c86878adfece8\">\n<li style=\"font-size:15px\"><strong>Antriebssysteme<\/strong>: Motoren und Getriebe, die f\u00fcr die Bewegung von Werkzeugen und Werkst\u00fccken verantwortlich sind<\/li>\n\n\n\n<li style=\"font-size:15px\"><strong>F\u00fchrungen und Spindeln<\/strong>: Diese Komponenten sorgen f\u00fcr die pr\u00e4zise Positionierung und Bewegung des Werkst\u00fccks oder Werkzeugs<\/li>\n\n\n\n<li style=\"font-size:15px\"><strong>Werkzeuge<\/strong>: Schneidwerkzeuge, Bohrer, Fr\u00e4ser, die zur Bearbeitung des Materials verwendet werden<\/li>\n\n\n\n<li style=\"font-size:15px\"><strong>K\u00fchlmittel- und Schmierstoffsysteme<\/strong>: Diese sind notwendig, um die Maschine k\u00fchl zu halten und den Verschlei\u00df der Werkzeuge zu minimieren<\/li>\n<\/ul>\n\n\n\n<p class=\"has-text-align-center has-border-color has-luminous-vivid-amber-border-color has-ast-global-color-0-color has-ast-global-color-6-background-color has-text-color has-background has-link-color wp-elements-6c1b279f26dd643f7309723113084690\" style=\"border-width:3px;font-size:18px\">Zubeh\u00f6r f\u00fcr Metallbearbeitungsmaschinen umfasst eine Vielzahl von zus\u00e4tzlichen Ger\u00e4ten und Werkzeugen, die die Funktionalit\u00e4t der Maschinen erweitern und optimieren:<\/p>\n\n\n\n<ul style=\"font-size:15px\" class=\"wp-block-list has-ast-global-color-5-color has-text-color has-link-color wp-elements-4be96d8c99fab8214bb5518d808f2f04\">\n<li><strong>Automatisierungstechnik<\/strong>: Roboterarme und F\u00f6rderb\u00e4nder, die eine automatisierte Materialzufuhr und -abfuhr erm\u00f6glichen<\/li>\n\n\n\n<li class=\"has-ast-global-color-5-color has-text-color has-link-color wp-elements-f2cfb70ce41878e78a23fb7ccda4ba12\"><strong>Werkzeughalter und Spannvorrichtungen<\/strong>: Diese erm\u00f6glichen das pr\u00e4zise Fixieren des Werkst\u00fccks w\u00e4hrend der Bearbeitung<\/li>\n\n\n\n<li><strong>Messtechnik<\/strong>: Pr\u00e4zisionsmessger\u00e4te wie Koordinatenmessmaschinen (CMM), die f\u00fcr eine genaue Qualit\u00e4tskontrolle erforderlich sind<\/li>\n<\/ul>\n\n\n\n<h6 class=\"wp-block-heading has-text-align-center has-border-color has-luminous-vivid-amber-border-color has-ast-global-color-5-color has-text-color has-link-color wp-elements-f86ef84dcc962a35071bfeba0b7b8a6a\" style=\"border-width:3px;font-size:20px\"><a href=\"https:\/\/sws-forsche.de\/sws\/metallbearbeitung\/maschinen-komponenten-und-zubehoer\/\">Komponenten und Zubeh\u00f6r f\u00fcr Maschinen in der Metallbearbeitung<\/a><\/h6>\n<\/div><\/div>\n","protected":false},"excerpt":{"rendered":"","protected":false},"author":3,"featured_media":0,"parent":0,"menu_order":0,"comment_status":"closed","ping_status":"closed","template":"","meta":{"_uag_custom_page_level_css":"","site-sidebar-layout":"no-sidebar","site-content-layout":"plain-container","ast-site-content-layout":"normal-width-container","site-content-style":"boxed","site-sidebar-style":"boxed","ast-global-header-display":"","ast-banner-title-visibility":"","ast-main-header-display":"","ast-hfb-above-header-display":"","ast-hfb-below-header-display":"","ast-hfb-mobile-header-display":"","site-post-title":"disabled","ast-breadcrumbs-content":"","ast-featured-img":"","footer-sml-layout":"","theme-transparent-header-meta":"","adv-header-id-meta":"9728","stick-header-meta":"","header-above-stick-meta":"","header-main-stick-meta":"","header-below-stick-meta":"","astra-migrate-meta-layouts":"set","ast-page-background-enabled":"default","ast-page-background-meta":{"desktop":{"background-color":"var(--ast-global-color-4)","background-image":"","background-repeat":"repeat","background-position":"center center","background-size":"auto","background-attachment":"scroll","background-type":"","background-media":"","overlay-type":"","overlay-color":"","overlay-opacity":"","overlay-gradient":""},"tablet":{"background-color":"","background-image":"","background-repeat":"repeat","background-position":"center center","background-size":"auto","background-attachment":"scroll","background-type":"","background-media":"","overlay-type":"","overlay-color":"","overlay-opacity":"","overlay-gradient":""},"mobile":{"background-color":"","background-image":"","background-repeat":"repeat","background-position":"center center","background-size":"auto","background-attachment":"scroll","background-type":"","background-media":"","overlay-type":"","overlay-color":"","overlay-opacity":"","overlay-gradient":""}},"ast-content-background-meta":{"desktop":{"background-color":"var(--ast-global-color-5)","background-image":"","background-repeat":"repeat","background-position":"center center","background-size":"auto","background-attachment":"scroll","background-type":"","background-media":"","overlay-type":"","overlay-color":"","overlay-opacity":"","overlay-gradient":""},"tablet":{"background-color":"var(--ast-global-color-5)","background-image":"","background-repeat":"repeat","background-position":"center center","background-size":"auto","background-attachment":"scroll","background-type":"","background-media":"","overlay-type":"","overlay-color":"","overlay-opacity":"","overlay-gradient":""},"mobile":{"background-color":"var(--ast-global-color-5)","background-image":"","background-repeat":"repeat","background-position":"center center","background-size":"auto","background-attachment":"scroll","background-type":"","background-media":"","overlay-type":"","overlay-color":"","overlay-opacity":"","overlay-gradient":""}},"ngg_post_thumbnail":0,"footnotes":""},"class_list":["post-663","page","type-page","status-publish","hentry"],"uagb_featured_image_src":{"full":false,"thumbnail":false,"medium":false,"medium_large":false,"large":false,"1536x1536":false,"2048x2048":false},"uagb_author_info":{"display_name":"SWS Forsche","author_link":"https:\/\/sws-forsche.de\/sws\/author\/sweta\/"},"uagb_comment_info":0,"uagb_excerpt":null,"_links":{"self":[{"href":"https:\/\/sws-forsche.de\/sws\/wp-json\/wp\/v2\/pages\/663","targetHints":{"allow":["GET"]}}],"collection":[{"href":"https:\/\/sws-forsche.de\/sws\/wp-json\/wp\/v2\/pages"}],"about":[{"href":"https:\/\/sws-forsche.de\/sws\/wp-json\/wp\/v2\/types\/page"}],"author":[{"embeddable":true,"href":"https:\/\/sws-forsche.de\/sws\/wp-json\/wp\/v2\/users\/3"}],"replies":[{"embeddable":true,"href":"https:\/\/sws-forsche.de\/sws\/wp-json\/wp\/v2\/comments?post=663"}],"version-history":[{"count":217,"href":"https:\/\/sws-forsche.de\/sws\/wp-json\/wp\/v2\/pages\/663\/revisions"}],"predecessor-version":[{"id":14390,"href":"https:\/\/sws-forsche.de\/sws\/wp-json\/wp\/v2\/pages\/663\/revisions\/14390"}],"wp:attachment":[{"href":"https:\/\/sws-forsche.de\/sws\/wp-json\/wp\/v2\/media?parent=663"}],"curies":[{"name":"wp","href":"https:\/\/api.w.org\/{rel}","templated":true}]}}