{"id":7317,"date":"2023-02-10T14:00:05","date_gmt":"2023-02-10T13:00:05","guid":{"rendered":"https:\/\/sws-forsche.de\/sws\/?page_id=7317"},"modified":"2025-11-11T19:07:47","modified_gmt":"2025-11-11T18:07:47","slug":"datenschutzerklaerung","status":"publish","type":"page","link":"https:\/\/sws-forsche.de\/sws\/datenschutzerklaerung\/","title":{"rendered":"Datenschutzerkl\u00e4rung"},"content":{"rendered":"\n<h3 class=\"wp-block-heading has-text-align-center has-large-font-size\">SWS Forsche Berlin<\/h3>\n\n\n\n<h6 class=\"wp-block-heading has-text-align-center has-medium-font-size\">Datenschutzerkl\u00e4rung f\u00fcr die Handelsfirma SWS Forsche OHG<\/h6>\n\n\n\n<h2 class=\"wp-block-heading has-text-align-center\"><strong>Allgemeine Informationen<\/strong><\/h2>\n\n\n\n<p class=\"has-text-align-center has-ast-global-color-5-color has-text-color has-link-color has-medium-font-size wp-elements-fb9a3be191df97ad11ea9cbc1e6b5a38\"><mark style=\"background-color:rgba(0, 0, 0, 0)\" class=\"has-inline-color has-ast-global-color-2-color\">Die SWS Forsche OHG (Open Trading Company \/ Offene Handelsgesellschaft) ist ein Handelsunternehmen f\u00fcr den Export und Import verschiedener Industrieg\u00fcter<\/mark><\/p>\n\n\n\n<p class=\"has-text-align-center has-ast-global-color-5-color has-text-color has-link-color has-medium-font-size wp-elements-35c6da920f7b91d703fb2f53ec700d5c\"><mark style=\"background-color:rgba(0, 0, 0, 0)\" class=\"has-inline-color has-ast-global-color-2-color\">Firmen Website ist unter<\/mark><mark style=\"background-color:rgba(0, 0, 0, 0)\" class=\"has-inline-color has-ast-global-color-5-color\"> <\/mark><a href=\"https:\/\/sws-forsche.de\/\">https:\/\/sws-forsche.de\/<\/a> <mark style=\"background-color:rgba(0, 0, 0, 0)\" class=\"has-inline-color has-ast-global-color-2-color\">erreichbar<\/mark><\/p>\n\n\n\n<div class=\"wp-block-uagb-container uagb-block-f7fdf795 default uagb-is-root-container\">\n<h3 class=\"wp-block-heading has-text-align-center\">Inhaltsverzeichnis<\/h3>\n\n\n\n<ol class=\"wp-block-list\">\n<li><strong>Zweck der Datenverarbeitung<\/strong>:\n<ul class=\"wp-block-list\">\n<li>Erl\u00e4uterung, warum die Daten erhoben werden (z.B. zur Abwicklung von Bestellungen, Kundenkommunikation, Marketing).<\/li>\n<\/ul>\n<\/li>\n\n\n\n<li><strong>Rechtsgrundlage der Verarbeitung<\/strong>:\n<ul class=\"wp-block-list\">\n<li>Nennung der rechtlichen Grundlagen gem\u00e4\u00df DSGVO, auf denen die Datenverarbeitung beruht (z.B. Einwilligung, Vertragserf\u00fcllung, berechtigtes Interesse).<\/li>\n<\/ul>\n<\/li>\n\n\n\n<li><strong>Daten\u00fcbertragung ins Ausland<\/strong>:\n<ul class=\"wp-block-list\">\n<li>Informationen dar\u00fcber, ob und wie Daten au\u00dferhalb der EU oder an Drittanbieter \u00fcbermittelt werden, sowie die entsprechenden Sicherheitsma\u00dfnahmen.<\/li>\n<\/ul>\n<\/li>\n\n\n\n<li><strong>Dauer der Datenspeicherung<\/strong>:\n<ul class=\"wp-block-list\">\n<li>Detailliertere Informationen \u00fcber die spezifischen Aufbewahrungsfristen f\u00fcr verschiedene Datenkategorien.<\/li>\n<\/ul>\n<\/li>\n\n\n\n<li><strong>Verarbeitung durch Dritte<\/strong>:\n<ul class=\"wp-block-list\">\n<li>Auflistung von Dritten, die m\u00f6glicherweise Zugang zu den Daten haben (z.B. Versanddienstleister, Zahlungsanbieter) und deren Datenschutzpraktiken.<\/li>\n<\/ul>\n<\/li>\n\n\n\n<li><strong>Ihre Rechte<\/strong>:\n<ul class=\"wp-block-list\">\n<li>Konkrete Informationen zu Ihren Rechten, wie z.B. das Recht auf Daten\u00fcbertragbarkeit, das Recht auf Berichtigung und das Recht auf Einschr\u00e4nkung der Verarbeitung.<\/li>\n<\/ul>\n<\/li>\n\n\n\n<li><strong>Einwilligung zur Werbung<\/strong>:\n<ul class=\"wp-block-list\">\n<li>Informationen \u00fcber die Verwendung personenbezogener Daten f\u00fcr Marketingzwecke, einschlie\u00dflich der M\u00f6glichkeit, sich von solchen Kommunikationsmitteln abzumelden.<\/li>\n<\/ul>\n<\/li>\n\n\n\n<li><strong>Kontaktinformationen des Datenschutzbeauftragten<\/strong>:\n<ul class=\"wp-block-list\">\n<li>Wenn ein Datenschutzbeauftragter vorhanden ist, sollten dessen Kontaktdaten angegeben werden.<\/li>\n<\/ul>\n<\/li>\n\n\n\n<li><strong>Datensicherheit<\/strong>:\n<ul class=\"wp-block-list\">\n<li>Hinweise auf die Ma\u00dfnahmen, die ergriffen werden, um die Sicherheit der Daten zu gew\u00e4hrleisten (z.B. Verschl\u00fcsselung, Zugriffskontrollen).<\/li>\n<\/ul>\n<\/li>\n\n\n\n<li><strong>\u00c4nderungen der Datenschutzerkl\u00e4rung<\/strong>:<\/li>\n<\/ol>\n\n\n\n<ul class=\"wp-block-list\">\n<li>Informationen dar\u00fcber, wie Benutzer \u00fcber \u00c4nderungen informiert werden und ob sie zustimmen m\u00fcssen.<\/li>\n<\/ul>\n\n\n\n<p><\/p>\n<\/div>\n\n\n\n<div class=\"wp-block-uagb-container uagb-block-082d39c6 default uagb-is-root-container\">\n<p class=\"has-text-align-center has-medium-font-size\"><strong>1. Kommentare und Anfragen<\/strong><\/p>\n\n\n\n<p>Wenn Besucher Kommentare, Nachrichten oder Anfragen auf unserer Website hinterlassen, erheben wir die Daten, die im Kommentar-Formular eingegeben werden. Dazu z\u00e4hlen:<\/p>\n\n\n\n<ul class=\"wp-block-list\">\n<li>Name<\/li>\n\n\n\n<li>E-Mail-Adresse<\/li>\n\n\n\n<li>Website (optional)<\/li>\n\n\n\n<li>IP-Adresse des Besuchers<\/li>\n\n\n\n<li>User-Agent-String (Identifikation des Browsers)<\/li>\n<\/ul>\n\n\n\n<p>Diese Daten werden erhoben, um Spam zu erkennen und zu verhindern.<\/p>\n\n\n\n<p class=\"has-ast-global-color-2-color has-text-color has-link-color wp-elements-ae60c55c21e5772fab2742bc0827e73b\">Aus Ihrer E-Mail-Adresse kann eine anonymisierte Zeichenfolge (Hash) erstellt und dem Gravatar-Dienst \u00fcbergeben werden, um zu pr\u00fcfen, ob Sie diesen verwenden. Die Datenschutzerkl\u00e4rung von Gravatar finden Sie hier:<mark style=\"background-color:rgba(0, 0, 0, 0)\" class=\"has-inline-color has-ast-global-color-5-color\"> <\/mark><a href=\"https:\/\/automattic.com\/privacy\/\">Gravatar Datenschutz<\/a><mark style=\"background-color:rgba(0, 0, 0, 0)\" class=\"has-inline-color has-ast-global-color-5-color\">. <\/mark>Nach der Freigabe Ihres Kommentars wird Ihr Profilbild im Kontext Ihres Kommentars \u00f6ffentlich sichtbar<\/p>\n\n\n\n<p class=\"has-text-align-center has-medium-font-size\"><strong>2. Medien<\/strong><\/p>\n\n\n\n<p>Falls Sie als registrierter Benutzer Fotos auf unsere Website hochladen, vermeiden Sie bitte das Hochladen von Bildern mit EXIF-GPS-Standortdaten. Besucher der Website k\u00f6nnten diese Bilder herunterladen und Standortinformationen extrahieren<\/p>\n\n\n\n<p class=\"has-text-align-center has-medium-font-size\"><strong>3. Cookies<\/strong><\/p>\n\n\n\n<p>Wenn Sie einen Kommentar, eine Nachricht oder eine Anfrage hinterlassen, k\u00f6nnen Sie einwilligen, dass wir Ihren Namen, Ihre E-Mail-Adresse und Ihre Website in Cookies speichern. Dies dient der Komfortfunktion, sodass Sie bei zuk\u00fcnftigen Kommentaren nicht erneut alle Daten eingeben m\u00fcssen. Diese Cookies werden ein Jahr lang gespeichert<\/p>\n\n\n\n<p>F\u00fcr angemeldete Benutzer setzen wir tempor\u00e4re Cookies, um festzustellen, ob Ihr Browser Cookies akzeptiert. Diese enthalten keine personenbezogenen Daten und werden gel\u00f6scht, wenn Sie Ihren Browser schlie\u00dfen<\/p>\n\n\n\n<p>Bei der Anmeldung werden verschiedene Cookies gesetzt, um Ihre Anmeldeinformationen und Anzeigeoptionen zu speichern. Anmelde-Cookies verfallen nach zwei Tagen, Anzeigeoptionen-Cookies nach einem Jahr. Wenn Sie \u201eAngemeldet bleiben\u201c w\u00e4hlen, bleibt Ihre Anmeldung zwei Wochen lang bestehen. Nach der Abmeldung werden Anmelde-Cookies gel\u00f6scht<\/p>\n\n\n\n<p>Wenn Sie einen Artikel bearbeiten oder ver\u00f6ffentlichen, wird ein zus\u00e4tzlicher Cookie gespeichert. Dieser verweist lediglich auf die Beitrags-ID des bearbeiteten Artikels und enth\u00e4lt keine personenbezogenen Daten. Der Cookie verf\u00e4llt nach einem Tag<\/p>\n\n\n\n<p class=\"has-text-align-center has-medium-font-size\"><strong>4. Eingebettete Inhalte von anderen Websites<\/strong><\/p>\n\n\n\n<p>Beitr\u00e4ge auf unserer Website k\u00f6nnen eingebettete Inhalte enthalten (z. B. Videos, Bilder, Beitr\u00e4ge). Diese Inhalte verhalten sich so, als h\u00e4tten Sie die andere Website besucht. Diese externen Websites k\u00f6nnen Daten \u00fcber Sie sammeln, Cookies verwenden und Tracking-Dienste von Dritten einbetten<\/p>\n\n\n\n<p class=\"has-text-align-center has-medium-font-size\"><strong>5. Datenweitergabe<\/strong><\/p>\n\n\n\n<p>Wenn Sie eine Zur\u00fccksetzung Ihres Passworts anfordern, wird Ihre IP-Adresse in der E-Mail zur Zur\u00fccksetzung enthalten sein. Ihre Daten werden nicht an Dritte weitergegeben, es sei denn, dies ist zur Erf\u00fcllung von Vertr\u00e4gen oder gesetzlichen Verpflichtungen erforderlich<\/p>\n\n\n\n<p class=\"has-text-align-center has-medium-font-size\"><strong>6. Datenspeicherung<\/strong><\/p>\n\n\n\n<p>Kommentare und deren Metadaten werden zeitlich unbegrenzt gespeichert. Dies erm\u00f6glicht uns, Folgekommentare automatisch zu erkennen und freizugeben. F\u00fcr registrierte Benutzer speichern wir die Informationen, die sie in ihren Benutzerprofilen angeben. Benutzer k\u00f6nnen jederzeit ihre pers\u00f6nlichen Informationen einsehen, \u00e4ndern oder l\u00f6schen (au\u00dfer dem Benutzernamen)<\/p>\n\n\n\n<p class=\"has-text-align-center has-medium-font-size\"><strong>7. Rechte der Nutzer<\/strong><\/p>\n\n\n\n<p>Sie haben das Recht, Auskunft \u00fcber Ihre gespeicherten personenbezogenen Daten zu verlangen sowie die L\u00f6schung dieser Daten. Dies umfasst nicht die Daten, die wir aufgrund administrativer, rechtlicher oder sicherheitsrelevanter Notwendigkeiten aufbewahren m\u00fcssen<\/p>\n\n\n\n<p class=\"has-text-align-center has-medium-font-size\"><strong>8. Daten\u00fcbermittlung<\/strong><\/p>\n\n\n\n<p>Besucher-Kommentare, Nachrichten oder Anfragen k\u00f6nnten von einem automatisierten Dienst zur Spam-Erkennung untersucht werden. Dies dient dem Schutz unserer Website und unserer Nutzer<\/p>\n\n\n\n<p class=\"has-text-align-center has-medium-font-size\"><strong>9. \u00c4nderungen der Datenschutzerkl\u00e4rung<\/strong><\/p>\n\n\n\n<p>Wir behalten uns das Recht vor, diese Datenschutzerkl\u00e4rung zu \u00e4ndern. \u00dcber \u00c4nderungen werden wir Sie rechtzeitig informieren. Bitte \u00fcberpr\u00fcfen Sie regelm\u00e4\u00dfig unsere Datenschutzerkl\u00e4rung, um auf dem neuesten Stand zu bleiben<\/p>\n<\/div>\n\n\n\n<p><strong>Kontakt<\/strong><\/p>\n\n\n\n<p class=\"has-ast-global-color-5-color has-text-color has-link-color wp-elements-5f4791f1f0242f7999a97b2fdb8cddab\"><mark style=\"background-color:rgba(0, 0, 0, 0)\" class=\"has-inline-color has-ast-global-color-2-color\">F\u00fcr Fragen zur Datenschutzerkl\u00e4rung oder zur Verarbeitung Ihrer personenbezogenen Daten kontaktieren Sie uns bitte unter:<br>E-Mail<\/mark>:<mark style=\"background-color:rgba(0, 0, 0, 0)\" class=\"has-inline-color has-ast-global-color-5-color\"> <a>info@sws-forsche.de<\/a><\/mark><br><mark style=\"background-color:rgba(0, 0, 0, 0)\" class=\"has-inline-color has-ast-global-color-2-color\">Telefon:<\/mark> +49 30 863 241 39<\/p>\n\n\n\n<p><\/p>\n","protected":false},"excerpt":{"rendered":"<p>SWS Forsche Berlin Datenschutzerkl\u00e4rung f\u00fcr die Handelsfirma SWS Forsche OHG Allgemeine Informationen Die SWS Forsche OHG (Open Trading Company \/ Offene Handelsgesellschaft) ist ein Handelsunternehmen f\u00fcr den Export und Import verschiedener Industrieg\u00fcter Firmen Website ist unter https:\/\/sws-forsche.de\/ erreichbar Inhaltsverzeichnis 1. Kommentare und Anfragen Wenn Besucher Kommentare, Nachrichten oder Anfragen auf unserer Website hinterlassen, erheben wir [&hellip;]<\/p>\n","protected":false},"author":3,"featured_media":0,"parent":0,"menu_order":0,"comment_status":"closed","ping_status":"closed","template":"","meta":{"_uag_custom_page_level_css":"","site-sidebar-layout":"no-sidebar","site-content-layout":"","ast-site-content-layout":"normal-width-container","site-content-style":"boxed","site-sidebar-style":"boxed","ast-global-header-display":"","ast-banner-title-visibility":"disabled","ast-main-header-display":"","ast-hfb-above-header-display":"","ast-hfb-below-header-display":"","ast-hfb-mobile-header-display":"","site-post-title":"","ast-breadcrumbs-content":"","ast-featured-img":"","footer-sml-layout":"","theme-transparent-header-meta":"","adv-header-id-meta":"","stick-header-meta":"","header-above-stick-meta":"","header-main-stick-meta":"","header-below-stick-meta":"","astra-migrate-meta-layouts":"set","ast-page-background-enabled":"default","ast-page-background-meta":{"desktop":{"background-color":"var(--ast-global-color-4)","background-image":"","background-repeat":"repeat","background-position":"center center","background-size":"auto","background-attachment":"scroll","background-type":"","background-media":"","overlay-type":"","overlay-color":"","overlay-opacity":"","overlay-gradient":""},"tablet":{"background-color":"","background-image":"","background-repeat":"repeat","background-position":"center center","background-size":"auto","background-attachment":"scroll","background-type":"","background-media":"","overlay-type":"","overlay-color":"","overlay-opacity":"","overlay-gradient":""},"mobile":{"background-color":"","background-image":"","background-repeat":"repeat","background-position":"center center","background-size":"auto","background-attachment":"scroll","background-type":"","background-media":"","overlay-type":"","overlay-color":"","overlay-opacity":"","overlay-gradient":""}},"ast-content-background-meta":{"desktop":{"background-color":"var(--ast-global-color-5)","background-image":"","background-repeat":"repeat","background-position":"center center","background-size":"auto","background-attachment":"scroll","background-type":"","background-media":"","overlay-type":"","overlay-color":"","overlay-opacity":"","overlay-gradient":""},"tablet":{"background-color":"var(--ast-global-color-5)","background-image":"","background-repeat":"repeat","background-position":"center center","background-size":"auto","background-attachment":"scroll","background-type":"","background-media":"","overlay-type":"","overlay-color":"","overlay-opacity":"","overlay-gradient":""},"mobile":{"background-color":"var(--ast-global-color-5)","background-image":"","background-repeat":"repeat","background-position":"center center","background-size":"auto","background-attachment":"scroll","background-type":"","background-media":"","overlay-type":"","overlay-color":"","overlay-opacity":"","overlay-gradient":""}},"ngg_post_thumbnail":0,"footnotes":""},"class_list":["post-7317","page","type-page","status-publish","hentry"],"uagb_featured_image_src":{"full":false,"thumbnail":false,"medium":false,"medium_large":false,"large":false,"1536x1536":false,"2048x2048":false},"uagb_author_info":{"display_name":"SWS Forsche","author_link":"https:\/\/sws-forsche.de\/sws\/author\/sweta\/"},"uagb_comment_info":0,"uagb_excerpt":"SWS Forsche Berlin Datenschutzerkl\u00e4rung f\u00fcr die Handelsfirma SWS Forsche OHG Allgemeine Informationen Die SWS Forsche OHG (Open Trading Company \/ Offene Handelsgesellschaft) ist ein Handelsunternehmen f\u00fcr den Export und Import verschiedener Industrieg\u00fcter Firmen Website ist unter https:\/\/sws-forsche.de\/ erreichbar Inhaltsverzeichnis 1. Kommentare und Anfragen Wenn Besucher Kommentare, Nachrichten oder Anfragen auf unserer Website hinterlassen, erheben wir&hellip;","_links":{"self":[{"href":"https:\/\/sws-forsche.de\/sws\/wp-json\/wp\/v2\/pages\/7317","targetHints":{"allow":["GET"]}}],"collection":[{"href":"https:\/\/sws-forsche.de\/sws\/wp-json\/wp\/v2\/pages"}],"about":[{"href":"https:\/\/sws-forsche.de\/sws\/wp-json\/wp\/v2\/types\/page"}],"author":[{"embeddable":true,"href":"https:\/\/sws-forsche.de\/sws\/wp-json\/wp\/v2\/users\/3"}],"replies":[{"embeddable":true,"href":"https:\/\/sws-forsche.de\/sws\/wp-json\/wp\/v2\/comments?post=7317"}],"version-history":[{"count":20,"href":"https:\/\/sws-forsche.de\/sws\/wp-json\/wp\/v2\/pages\/7317\/revisions"}],"predecessor-version":[{"id":14887,"href":"https:\/\/sws-forsche.de\/sws\/wp-json\/wp\/v2\/pages\/7317\/revisions\/14887"}],"wp:attachment":[{"href":"https:\/\/sws-forsche.de\/sws\/wp-json\/wp\/v2\/media?parent=7317"}],"curies":[{"name":"wp","href":"https:\/\/api.w.org\/{rel}","templated":true}]}}